{"id":104,"date":"2023-10-21T00:36:46","date_gmt":"2023-10-20T22:36:46","guid":{"rendered":"http:\/\/alvita-lublin.pl\/?page_id=104"},"modified":"2023-10-24T23:21:34","modified_gmt":"2023-10-24T21:21:34","slug":"informacja-rodo","status":"publish","type":"page","link":"https:\/\/alvita-lublin.pl\/?page_id=104","title":{"rendered":"Informacja RODO"},"content":{"rendered":"\n<p><strong>Klauzula informacyjna w zakresie przetwarzania danych osobowych<\/strong><\/p>\n\n\n\n<p>Na podstawie art. 13 ust. 1 i 2 Rozporz\u0105dzenia Parlamentu Europejskiego i Rady (UE) 2016\/679 z 27 kwietnia 2016 r. w sprawie ochrony os\u00f3b fizycznych w zwi\u0105zku z przetwarzaniem danych osobowych i w sprawie swobodnego przep\u0142ywu takich danych oraz uchylenia dyrektywy 95\/46\/WE (Dz.U.UE.L. z 2016r. Nr 119, s.1 ze zm.) &#8211; dalej: \u201eRODO\u201d informuj\u0119, \u017ce:<\/p>\n\n\n\n<ol class=\"wp-block-list\" type=\"1\">\n<li>Administratorem Pa\u0144stwa danych jest NZOZ \u201e ALVITA\u201d Zabielska i Partnerzy Sp\u00f3\u0142ka Partnerska Lekarzy, Lublin 20-843, ul. Kaprysowa 7, tel 81 741 60 92.2.<\/li>\n\n\n\n<li><span style=\"background-color: var(--wp--preset--color--ti-bg); font-family: var(--wp--preset--font-family--hanken-grotesk); font-size: clamp(14px, 0.875rem + (1vw - 3.2px) * 0.488, 18px);\">Administrator wyznaczy\u0142 Inspektora Ochrony Danych, z kt\u00f3rym mog\u0105 si\u0119 Pa\u0144stwo kontaktowa\u0107 we wszystkich sprawach dotycz\u0105cych przetwarzania danych osobowych za po\u015brednictwem adresu email: <\/span><a style=\"background-color: var(--wp--preset--color--ti-bg); font-family: var(--wp--preset--font-family--hanken-grotesk); font-size: clamp(14px, 0.875rem + (1vw - 3.2px) * 0.488, 18px);\" href=\"mailto:inspektor@cbi24.pl\">inspektor@cbi24.pl<\/a><span style=\"background-color: var(--wp--preset--color--ti-bg); font-family: var(--wp--preset--font-family--hanken-grotesk); font-size: clamp(14px, 0.875rem + (1vw - 3.2px) * 0.488, 18px);\"> lub pisemnie pod adres Administratora. <\/span><\/li>\n\n\n\n<li><span style=\"background-color: var(--wp--preset--color--ti-bg); font-family: var(--wp--preset--font-family--hanken-grotesk); font-size: clamp(14px, 0.875rem + (1vw - 3.2px) * 0.488, 18px);\">Pa\u0144stwa dane osobowe b\u0119d\u0105 przetwarzane w celu prowadzenia dzia\u0142alno\u015bci leczniczej, gdy\u017c jest to niezb\u0119dne do wype\u0142nienia obowi\u0105zku prawnego ci\u0105\u017c\u0105cego na Administratorze (art. 6 ust. 1 lit. c RODO) W przypadku dobrowolnego udost\u0119pniania przez Pa\u0144stwa danych osobowych innych ni\u017c wynikaj\u0105ce z obowi\u0105zku prawnego, podstaw\u0119 legalizuj\u0105c\u0105 ich przetwarzanie stanowi wyra\u017cona zgoda na przetwarzanie swoich danych osobowych (art. 6 ust. 1 lit. a RODO).<\/span><\/li>\n\n\n\n<li><span style=\"background-color: var(--wp--preset--color--ti-bg); font-family: var(--wp--preset--font-family--hanken-grotesk); font-size: clamp(14px, 0.875rem + (1vw - 3.2px) * 0.488, 18px);\">Pa\u0144stwa dane osobowe b\u0119d\u0105 przetwarzane przez okres niezb\u0119dny do realizacji ww. celu z uwzgl\u0119dnieniem okres\u00f3w przechowywania okre\u015blonych w przepisach szczeg\u00f3lnych, w tym przepis\u00f3w archiwalnych<\/span><\/li>\n\n\n\n<li><span style=\"background-color: var(--wp--preset--color--ti-bg); font-family: var(--wp--preset--font-family--hanken-grotesk); font-size: clamp(14px, 0.875rem + (1vw - 3.2px) * 0.488, 18px);\">Pa\u0144stwa dane osobowe b\u0119d\u0105 przetwarzane w spos\u00f3b zautomatyzowany, lecz nie b\u0119d\u0105 podlega\u0142y zautomatyzowanemu podejmowaniu decyzji, w tym o profilowaniu.<\/span><\/li>\n\n\n\n<li><span style=\"background-color: var(--wp--preset--color--ti-bg); font-family: var(--wp--preset--font-family--hanken-grotesk); font-size: clamp(14px, 0.875rem + (1vw - 3.2px) * 0.488, 18px);\">Pa\u0144stwa dane osobowych nie b\u0119d\u0105 przekazywane poza Europejski Obszar Gospodarczy (obejmuj\u0105cy Uni\u0119 Europejsk\u0105, Norwegi\u0119, Liechtenstein i Islandi\u0119).<\/span><\/li>\n\n\n\n<li>W zwi\u0105zku z przetwarzaniem Pa\u0144stwa danych osobowych, przys\u0142uguj\u0105 Pa\u0144stwu nast\u0119puj\u0105ce prawa:<br>a) prawo dost\u0119pu do swoich danych oraz otrzymania ich kopii;<br>b)prawo do sprostowania (poprawiania) swoich danych osobowych;<br>c)prawo do ograniczenia przetwarzania danych osobowych;<br>d)prawo wniesienia skargi do Prezesa Urz\u0119du Ochrony Danych Osobowych<br>(ul. Stawki 2, 00-193 Warszawa), w sytuacji, gdy uzna Pani\/Pan, \u017ce przetwarzanie danych osobowych narusza przepisy og\u00f3lnego rozporz\u0105dzenia o ochronie danych osobowych (RODO);<\/li>\n\n\n\n<li><span style=\"background-color: var(--wp--preset--color--ti-bg); font-family: var(--wp--preset--font-family--hanken-grotesk); font-size: clamp(14px, 0.875rem + (1vw - 3.2px) * 0.488, 18px);\">Podanie przez Pa\u0144stwa danych osobowych w zwi\u0105zku z ci\u0105\u017c\u0105cym na Administratorze obowi\u0105zkiem prawnym jest obowi\u0105zkowe, a ich nieprzekazanie skutkowa\u0107 b\u0119dzie brakiem realizacji celu, o kt\u00f3rym mowa w punkcie 3. Nieprzekazanie danych udost\u0119pnianych dobrowolnie pozostaje bez wp\u0142ywu na rozpoznanie sprawy.<\/span><\/li>\n\n\n\n<li>Pa\u0144stwa dane mog\u0105 zosta\u0107 przekazane podmiotom zewn\u0119trznym na podstawie umowy powierzenia przetwarzania danych osobowych, a tak\u017ce podmiotom lub organom uprawnionym na podstawie przepis\u00f3w prawa.<\/li>\n<\/ol>\n","protected":false},"excerpt":{"rendered":"<p>Klauzula informacyjna w zakresie przetwarzania danych osobowych Na podstawie art. 13 ust. 1 i 2 Rozporz\u0105dzenia Parlamentu Europejskiego i Rady (UE) 2016\/679 z 27 kwietnia 2016 r. w sprawie ochrony os\u00f3b fizycznych w zwi\u0105zku z przetwarzaniem danych osobowych i w sprawie swobodnego przep\u0142ywu takich danych oraz uchylenia dyrektywy 95\/46\/WE (Dz.U.UE.L. z 2016r. Nr 119, s.1 [&hellip;]<\/p>\n","protected":false},"author":1,"featured_media":0,"parent":0,"menu_order":0,"comment_status":"closed","ping_status":"closed","template":"elementor_theme","meta":{"footnotes":""},"class_list":["post-104","page","type-page","status-publish","hentry"],"_links":{"self":[{"href":"https:\/\/alvita-lublin.pl\/index.php?rest_route=\/wp\/v2\/pages\/104","targetHints":{"allow":["GET"]}}],"collection":[{"href":"https:\/\/alvita-lublin.pl\/index.php?rest_route=\/wp\/v2\/pages"}],"about":[{"href":"https:\/\/alvita-lublin.pl\/index.php?rest_route=\/wp\/v2\/types\/page"}],"author":[{"embeddable":true,"href":"https:\/\/alvita-lublin.pl\/index.php?rest_route=\/wp\/v2\/users\/1"}],"replies":[{"embeddable":true,"href":"https:\/\/alvita-lublin.pl\/index.php?rest_route=%2Fwp%2Fv2%2Fcomments&post=104"}],"version-history":[{"count":5,"href":"https:\/\/alvita-lublin.pl\/index.php?rest_route=\/wp\/v2\/pages\/104\/revisions"}],"predecessor-version":[{"id":334,"href":"https:\/\/alvita-lublin.pl\/index.php?rest_route=\/wp\/v2\/pages\/104\/revisions\/334"}],"wp:attachment":[{"href":"https:\/\/alvita-lublin.pl\/index.php?rest_route=%2Fwp%2Fv2%2Fmedia&parent=104"}],"curies":[{"name":"wp","href":"https:\/\/api.w.org\/{rel}","templated":true}]}}