{"id":88,"date":"2023-10-21T00:34:55","date_gmt":"2023-10-20T22:34:55","guid":{"rendered":"http:\/\/alvita-lublin.pl\/?page_id=88"},"modified":"2023-10-25T19:22:18","modified_gmt":"2023-10-25T17:22:18","slug":"diagnostyka","status":"publish","type":"page","link":"https:\/\/alvita-lublin.pl\/?page_id=88","title":{"rendered":"Lista bada\u0144 mo\u017cliwych do zlecenia"},"content":{"rendered":"\n<p class=\"has-text-align-center\"><em>Jakie badania mog\u0105 zleci\u0107 nasi lekarze bezp\u0142atnie w zwi\u0105zku z prowadzonym leczeniem?<\/em><\/p>\n\n\n\n<p>Badania hematologiczne:<br>-morfologia krwi obwodowej z p\u0142ytkami krwi<br>-morfologia krwi obwodowej z wzorem odsetkowym i p\u0142ytkami krwi<br>-retikulocyty<br>-odczyn opadania krwinek czerwonych (OB)<\/p>\n\n\n\n<p>Badania biochemiczne i immunochemiczne:<br>-s\u00f3d<br>-potas<br>-wap\u0144 zjonizowany<br>-\u017celazo<br>-\u017celazo \u2013 ca\u0142kowita zdolno\u015b\u0107 wi\u0105zania (TIBC)<br>-st\u0119\u017cenie transferryny<br>-st\u0119\u017cenie hemoglobiny glikowanej (HbAlc)<br>-mocznik<br>-kreatynina<br>-glukoza<br>-test obci\u0105\u017cenia glukoz\u0105<br>-bia\u0142ko ca\u0142kowite<br>-proteinogram<br>-albumina<br>-bia\u0142ko C-reaktywne (CRP)<br>-kwas moczowy<br>-cholesterol ca\u0142kowity<br>-cholesterol-HDL<br>-cholesterol-LDL<br>-tr\u00f3jglicerydy (TG)<br>-bilirubina ca\u0142kowita<br>-bilirubina bezpo\u015brednia<br>-fosfataza alkaliczna (ALP)<br>-aminotransferaza asparaginianowa (AST)<br>-aminotransferaza alaninowa (ALT)<br>-gammaglutamylotranspeptydaza (GGTP)<br>-amylaza<br>-kinaza keratynowa (CK)<br>-fosfataza kwa\u015bna ca\u0142kowita (ACP)<br>-czynnik reumatoidalny (RF)<br>-miano antystreptolizyn O (ASO)<br>-hormon tyreotropowy (TSH)<br>-antygen HBs-AgHBs<br>-VDRL<br>-FT3<br>-FT4<br>-PSA \u2013 Antygen swoisty dla stercza ca\u0142kowity.<\/p>\n\n\n\n<p>Badania moczu:<br>-og\u00f3lne badanie moczu z ocen\u0105 w\u0142a\u015bciwo\u015bci fizycznych, chemicznych oraz ocen\u0105 mikroskopow\u0105 osadu<br>-ilo\u015bciowe oznaczanie bia\u0142ka<br>-ilo\u015bciowe oznaczanie glukozy<br>-ilo\u015bciowe oznaczanie wapnia<br>-ilo\u015bciowe oznaczanie amylazy.<\/p>\n\n\n\n<p>Badania ka\u0142u:<br>-badanie og\u00f3lne<br>-paso\u017cyty<br>-krew utajona \u2013 metod\u0105 immunochemiczn\u0105.<\/p>\n\n\n\n<p>Badania uk\u0142adu krzepni\u0119cia:<br>-wska\u017anik protrombinowy (INR)<br>-czas kaolinowo-kefalinowy (APTT)<br>-fibrynogen<\/p>\n\n\n\n<p>Badania mikrobiologiczne:<br>-posiew moczu z antybiogramem<br>-posiew wymazu z gard\u0142a z antybiogramem<br>-posiew ka\u0142u w kierunku pa\u0142eczek Salmonella i Shigella<\/p>\n\n\n\n<p>-test antygenowy SARS-CoV-2 uzyskiwany za pomoc\u0105 Systemu Dystrybucji Szczepionek (SDS)<br>-badanie elektrokardiograficzne (EKG) w spoczynku.<\/p>\n\n\n\n<p>Diagnostyka ultrasonograficzna:<br>-USG tarczycy i przytarczyc<br>-USG \u015blinianek<br>-USG nerek, moczowod\u00f3w, p\u0119cherza moczowego<br>-USG brzucha i przestrzeni zaotrzewnowej, w tym wst\u0119pnej oceny gruczo\u0142u krokowego<br>-USG obwodowych w\u0119z\u0142\u00f3w ch\u0142onnych.<\/p>\n\n\n\n<p>Zdj\u0119cia radiologiczne:<br>-zdj\u0119cie klatki piersiowej w projekcji AP i bocznej<br>zdj\u0119cia kostne:<br>w przypadku kr\u0119gos\u0142upa, ko\u0144czyn i miednicy \u2013 w projekcji AP i bocznej<br>-zdj\u0119cie czaszki<br>-zdj\u0119cie zatok<br>-zdj\u0119cie przegl\u0105dowe jamy brzusznej<\/p>\n\n\n\n<p>-gastroskopia<br>-kolonoskopia<br>-tomografia komputerowa p\u0142uc<\/p>\n\n\n\n<p>Badania zlecane w ramach bud\u017cetu powierzonego POZ<\/p>\n\n\n\n<p>-ferrytyna<br>-witamina B12<br>-kwas foliowy<br>-anty CCP<br>-CRP szybki test ilo\u015bciowy (populacja do uko\u0144czenia 6. roku \u017cycia)<br>-przeciwcia\u0142a anty-HCV<br>-antygen H. pylori w kale<br>-strep-test<\/p>\n\n\n\n<p>Ponadto Pacjenci obj\u0119ci opiek\u0105 koordynowan\u0105 w naszej przychodni mog\u0105 wykona\u0107 nast\u0119puj\u0105ce badania:<\/p>\n\n\n\n<p>-BNP (NT-pro-BNP<br>-albuminuria (st\u0119\u017cenie albumin w moczu)<br>-UACR (wska\u017anik albumina\/kreatynina w moczu)<br>-antyTPO (przeciwcia\u0142a przeciw peroksydazie tarczycowej)<br>-antyTSHR (przeciwcia\u0142a przeciw receptorom TSH)<br>-antyTG (przeciwcia\u0142a przeciw tyreoglobulinie)<br>-EKG wysi\u0142kowe (pr\u00f3ba wysi\u0142kowa EKG)<br>-Holter EKG 24 godz. (24-godzinna rejestracja EKG)<br>-Holter EKG 48 godz. (48-godzinna rejestracja EKG)<br>-Holter EKG 72 godz. (72-godzinna rejestracja EKG)<br>-Holter RR (24-godzinna rejestracja ci\u015bnienia t\u0119tniczego)<br>-USG Doppler t\u0119tnic szyjnych<br>-USG Doppler naczy\u0144 ko\u0144czyn dolnych<br>-Eco serca przezklatkowe<br>-spirometria<br>-spirometria z pr\u00f3b\u0105 rozkurczow\u0105<br>-biopsja aspiracyjna cienkoig\u0142owa tarczycy celowana do 2 procedur (u doros\u0142ych)<br>-biopsja aspiracyjna cienkoig\u0142owa tarczycy celowana (u doros\u0142ych) co najmniej 3 procedur<\/p>\n\n\n\n<p class=\"has-text-align-center\"><strong><em>Uprzejmie przypominamy \u017ce decyzje o konieczno\u015bci bada\u0144 diagnostycznych lekarz podejmuje na podstawie wskaza\u0144 medycznych, a nie na \u017c\u0105danie pacjenta.<\/em><\/strong><\/p>\n\n\n\n<figure class=\"wp-block-image size-large\"><img loading=\"lazy\" decoding=\"async\" width=\"717\" height=\"1024\" src=\"https:\/\/alvita-lublin.pl\/wp-content\/uploads\/2023\/10\/Bez-tytulu1-717x1024.jpg\" alt=\"\" class=\"wp-image-338\" srcset=\"https:\/\/alvita-lublin.pl\/wp-content\/uploads\/2023\/10\/Bez-tytulu1-717x1024.jpg 717w, https:\/\/alvita-lublin.pl\/wp-content\/uploads\/2023\/10\/Bez-tytulu1-210x300.jpg 210w, https:\/\/alvita-lublin.pl\/wp-content\/uploads\/2023\/10\/Bez-tytulu1-768x1097.jpg 768w, https:\/\/alvita-lublin.pl\/wp-content\/uploads\/2023\/10\/Bez-tytulu1.jpg 785w\" sizes=\"auto, (max-width: 717px) 100vw, 717px\" \/><\/figure>\n","protected":false},"excerpt":{"rendered":"<p>Jakie badania mog\u0105 zleci\u0107 nasi lekarze bezp\u0142atnie w zwi\u0105zku z prowadzonym leczeniem? Badania hematologiczne:-morfologia krwi obwodowej z p\u0142ytkami krwi-morfologia krwi obwodowej z wzorem odsetkowym i p\u0142ytkami krwi-retikulocyty-odczyn opadania krwinek czerwonych (OB) Badania biochemiczne i immunochemiczne:-s\u00f3d-potas-wap\u0144 zjonizowany-\u017celazo-\u017celazo \u2013 ca\u0142kowita zdolno\u015b\u0107 wi\u0105zania (TIBC)-st\u0119\u017cenie transferryny-st\u0119\u017cenie hemoglobiny glikowanej (HbAlc)-mocznik-kreatynina-glukoza-test obci\u0105\u017cenia glukoz\u0105-bia\u0142ko ca\u0142kowite-proteinogram-albumina-bia\u0142ko C-reaktywne (CRP)-kwas moczowy-cholesterol ca\u0142kowity-cholesterol-HDL-cholesterol-LDL-tr\u00f3jglicerydy (TG)-bilirubina ca\u0142kowita-bilirubina bezpo\u015brednia-fosfataza [&hellip;]<\/p>\n","protected":false},"author":1,"featured_media":0,"parent":0,"menu_order":0,"comment_status":"closed","ping_status":"closed","template":"elementor_theme","meta":{"footnotes":""},"class_list":["post-88","page","type-page","status-publish","hentry"],"_links":{"self":[{"href":"https:\/\/alvita-lublin.pl\/index.php?rest_route=\/wp\/v2\/pages\/88","targetHints":{"allow":["GET"]}}],"collection":[{"href":"https:\/\/alvita-lublin.pl\/index.php?rest_route=\/wp\/v2\/pages"}],"about":[{"href":"https:\/\/alvita-lublin.pl\/index.php?rest_route=\/wp\/v2\/types\/page"}],"author":[{"embeddable":true,"href":"https:\/\/alvita-lublin.pl\/index.php?rest_route=\/wp\/v2\/users\/1"}],"replies":[{"embeddable":true,"href":"https:\/\/alvita-lublin.pl\/index.php?rest_route=%2Fwp%2Fv2%2Fcomments&post=88"}],"version-history":[{"count":4,"href":"https:\/\/alvita-lublin.pl\/index.php?rest_route=\/wp\/v2\/pages\/88\/revisions"}],"predecessor-version":[{"id":339,"href":"https:\/\/alvita-lublin.pl\/index.php?rest_route=\/wp\/v2\/pages\/88\/revisions\/339"}],"wp:attachment":[{"href":"https:\/\/alvita-lublin.pl\/index.php?rest_route=%2Fwp%2Fv2%2Fmedia&parent=88"}],"curies":[{"name":"wp","href":"https:\/\/api.w.org\/{rel}","templated":true}]}}