{"id":89,"date":"2023-10-21T00:34:55","date_gmt":"2023-10-20T22:34:55","guid":{"rendered":"http:\/\/alvita-lublin.pl\/?page_id=89"},"modified":"2023-10-22T17:00:28","modified_gmt":"2023-10-22T15:00:28","slug":"poradnia-dzieci-zdrowych","status":"publish","type":"page","link":"https:\/\/alvita-lublin.pl\/?page_id=89","title":{"rendered":"Poradnia dzieci zdrowych"},"content":{"rendered":"\n<figure class=\"wp-block-image aligncenter size-full is-resized\"><img loading=\"lazy\" decoding=\"async\" width=\"800\" height=\"533\" src=\"https:\/\/alvita-lublin.pl\/wp-content\/uploads\/2023\/10\/dzieci-zdrowe-2.webp\" alt=\"\" class=\"wp-image-300\" style=\"aspect-ratio:1.5009380863039399;width:492px;height:auto\" srcset=\"https:\/\/alvita-lublin.pl\/wp-content\/uploads\/2023\/10\/dzieci-zdrowe-2.webp 800w, https:\/\/alvita-lublin.pl\/wp-content\/uploads\/2023\/10\/dzieci-zdrowe-2-300x200.webp 300w, https:\/\/alvita-lublin.pl\/wp-content\/uploads\/2023\/10\/dzieci-zdrowe-2-768x512.webp 768w\" sizes=\"auto, (max-width: 800px) 100vw, 800px\" \/><\/figure>\n\n\n\n<p class=\"has-text-align-center\"><strong>Godziny otwarcia:<br>\u015broda-czwartek 13:00-18:00<\/strong><\/p>\n\n\n\n<p><strong>W Poradni Dzieci Zdrowych wykonuje si\u0119:<\/strong><\/p>\n\n\n\n<p>-szczepienia ochronne dzieci i m\u0142odzie\u017cy,<br>-bilanse zdrowia dzieci i m\u0142odzie\u017cy,<br>-porady patrona\u017cowe dzieci,<br>-profilaktyczne porady dla dzieci zdrowych<\/p>\n\n\n\n<p>Szczepienia ochronne s\u0105 prowadzone zgodnie z Programem Szczepie\u0144 Ochronnych na dany rok. Kalendarz szczepie\u0144 obejmuje zar\u00f3wno szczepienia obowi\u0105zkowe (bezp\u0142atne), jak i zalecane (p\u0142atne).<\/p>\n\n\n\n<p>Wykonujemy bezp\u0142atnie obowi\u0105zkowe szczepienia ochronne dla dzieci i m\u0142odzie\u017cy wed\u0142ug wieku \u2013 od dnia urodzenia&nbsp; do uko\u0144czenia 19 roku \u017cycia, zdeklarowanych do naszej Przychodni.<\/p>\n\n\n\n<p><em>Do szczepie\u0144 ochronnych obowi\u0105zkowych zaliczamy:<\/em><br>-szczepienie przeciw b\u0142onicy, t\u0119\u017ccowi, krztu\u015bcowi,<br>-szczepienie przeciw chorobie Heinego-Medina,<br>-szczepienie przeciw odrze, \u015bwince, r\u00f3\u017cyczce,<br>-szczepienie przeciw wirusowemu zapaleniu w\u0105troby typu B,<br>-szczepienie przeciw gru\u017alicy,<br>-szczepienie przeciw Haemophilus influenzae typu b,<br>-szczepienie przeciw pneumokokom (dla dzieci urodzonych w 2017 r)<\/p>\n\n\n\n<p><em>Do szczepie\u0144 ochronnych zalecanych zaliczamy:<\/em><br>-szczepienie przeciw kleszczowemu zapaleniu m\u00f3zgu,<br>-szczepienie przeciw grypie,<br>-szczepienie przeciw wirusowi brodawczaka ludzkiego (HPV)<br>-szczepienie przeciw pneumokokom,<br>-szczepienie przeciw wirusowemu zapaleniu w\u0105troby&nbsp; typu A,<br>-szczepienie przeciw meningokokom A, B, C, W, Y,<br>-szczepienie przeciw ospie wietrznej,<br>-szczepienie przeciw rotawirusom.<\/p>\n\n\n\n<p><strong><em>Koszty zakupu preparat\u00f3w do szczepie\u0144 ochronnych zalecanych ponosi osoba poddaj\u0105ca si\u0119 szczepieniu.<\/em><\/strong><\/p>\n\n\n\n<figure class=\"wp-block-image aligncenter size-large is-resized\"><img loading=\"lazy\" decoding=\"async\" width=\"725\" height=\"1024\" src=\"https:\/\/alvita-lublin.pl\/wp-content\/uploads\/2023\/10\/Bez-tytulu-725x1024.jpg\" alt=\"\" class=\"wp-image-259\" style=\"aspect-ratio:0.7080078125;width:575px;height:auto\" srcset=\"https:\/\/alvita-lublin.pl\/wp-content\/uploads\/2023\/10\/Bez-tytulu-725x1024.jpg 725w, https:\/\/alvita-lublin.pl\/wp-content\/uploads\/2023\/10\/Bez-tytulu-212x300.jpg 212w, https:\/\/alvita-lublin.pl\/wp-content\/uploads\/2023\/10\/Bez-tytulu-768x1085.jpg 768w, https:\/\/alvita-lublin.pl\/wp-content\/uploads\/2023\/10\/Bez-tytulu.jpg 791w\" sizes=\"auto, (max-width: 725px) 100vw, 725px\" \/><\/figure>\n","protected":false},"excerpt":{"rendered":"<p>Godziny otwarcia:\u015broda-czwartek 13:00-18:00 W Poradni Dzieci Zdrowych wykonuje si\u0119: -szczepienia ochronne dzieci i m\u0142odzie\u017cy,-bilanse zdrowia dzieci i m\u0142odzie\u017cy,-porady patrona\u017cowe dzieci,-profilaktyczne porady dla dzieci zdrowych Szczepienia ochronne s\u0105 prowadzone zgodnie z Programem Szczepie\u0144 Ochronnych na dany rok. Kalendarz szczepie\u0144 obejmuje zar\u00f3wno szczepienia obowi\u0105zkowe (bezp\u0142atne), jak i zalecane (p\u0142atne). Wykonujemy bezp\u0142atnie obowi\u0105zkowe szczepienia ochronne dla dzieci i [&hellip;]<\/p>\n","protected":false},"author":1,"featured_media":0,"parent":0,"menu_order":0,"comment_status":"closed","ping_status":"closed","template":"elementor_theme","meta":{"footnotes":""},"class_list":["post-89","page","type-page","status-publish","hentry"],"_links":{"self":[{"href":"https:\/\/alvita-lublin.pl\/index.php?rest_route=\/wp\/v2\/pages\/89","targetHints":{"allow":["GET"]}}],"collection":[{"href":"https:\/\/alvita-lublin.pl\/index.php?rest_route=\/wp\/v2\/pages"}],"about":[{"href":"https:\/\/alvita-lublin.pl\/index.php?rest_route=\/wp\/v2\/types\/page"}],"author":[{"embeddable":true,"href":"https:\/\/alvita-lublin.pl\/index.php?rest_route=\/wp\/v2\/users\/1"}],"replies":[{"embeddable":true,"href":"https:\/\/alvita-lublin.pl\/index.php?rest_route=%2Fwp%2Fv2%2Fcomments&post=89"}],"version-history":[{"count":5,"href":"https:\/\/alvita-lublin.pl\/index.php?rest_route=\/wp\/v2\/pages\/89\/revisions"}],"predecessor-version":[{"id":302,"href":"https:\/\/alvita-lublin.pl\/index.php?rest_route=\/wp\/v2\/pages\/89\/revisions\/302"}],"wp:attachment":[{"href":"https:\/\/alvita-lublin.pl\/index.php?rest_route=%2Fwp%2Fv2%2Fmedia&parent=89"}],"curies":[{"name":"wp","href":"https:\/\/api.w.org\/{rel}","templated":true}]}}